{"id":17,"date":"2020-09-20T08:47:04","date_gmt":"2020-09-20T08:47:04","guid":{"rendered":"https:\/\/malinalli.de\/shop"},"modified":"2023-07-15T09:48:50","modified_gmt":"2023-07-15T09:48:50","slug":"shop","status":"publish","type":"page","link":"https:\/\/malinalli.de\/en\/shop\/","title":{"rendered":"Shop"},"content":{"rendered":"<h1>Welcome to Malinalli Shop - Discover your spiritual journey!<\/h1>\n\n<p>Dive into our online store and discover a diverse selection of entheogenic plants and herbs from Aztec cultures. Here you will find high quality products for unique spiritual experiences.<\/p>\n\n<h2>What are our products<\/h2>\n\n<p>Explore the magic of Peganum harmala, Calea zacatechichi, Sinicuichi and much more in our range. Each product has been carefully selected to give you transformative experiences.<\/p>\n\n<p>Fancy lucid dreaming? Also discover our herbs and plants that can take you on a fascinating journey into the world of conscious dreaming.<\/p>\n\n<p>All those who are looking for deeper spiritual knowledge will find it here. Dive into mystical traditions like Ayahuasca and discover our carefully selected products.<\/p>\n\n<p>Come join us at Malinalli and open the gates to new levels of consciousness. Explore the powerful possibilities of entheogenic plants and have transformative spiritual experiences. Start your journey to inner growth and insight today!<\/p>\n\n<p>Please note that our products are intended for spiritual and ethnobotanical purposes only. We dissociate ourselves from any misuse.<\/p>\n\n<h2>Discover Malinalli - Where spiritual experiences grow!<\/h2>","protected":false},"excerpt":{"rendered":"<p>Willkommen im Malinalli Shop &#8211; Entdecke deine spirituelle Reise! Tauche ein in unseren Online-Shop und entdecke eine vielf\u00e4ltige Auswahl an entheogenen Pflanzen und Kr\u00e4utern aus aztekischen Kulturen. Hier findest du hochwertige Produkte f\u00fcr einzigartige spirituelle Erfahrungen. Was sind unsere Produkte Erkunde den Zauber von Peganum harmala, Calea zacatechichi, Sinicuichi und vielem mehr in unserem Sortiment. [&#8230;]\n","protected":false},"author":1,"featured_media":12,"parent":0,"menu_order":0,"comment_status":"closed","ping_status":"closed","template":"","meta":{"footnotes":""},"class_list":["post-17","page","type-page","status-publish","has-post-thumbnail","hentry"],"yoast_head":"<!-- This site is optimized with the Yoast SEO plugin v27.3 - https:\/\/yoast.com\/product\/yoast-seo-wordpress\/ -->\n<title>Shop - Malinalli<\/title>\n<meta name=\"description\" content=\"Malinalli Shop f\u00fcr entheogene Pflanzen. Hier sind psychoaktive Pflanzen aus schamanischen Kulturen zu erwerben\" \/>\n<meta name=\"robots\" content=\"index, follow, max-snippet:-1, max-image-preview:large, max-video-preview:-1\" \/>\n<link rel=\"canonical\" href=\"https:\/\/malinalli.de\/en\/shop\/\" \/>\n<meta property=\"og:locale\" content=\"en_US\" \/>\n<meta property=\"og:type\" content=\"article\" \/>\n<meta property=\"og:title\" content=\"Shop - Malinalli\" \/>\n<meta property=\"og:description\" content=\"Malinalli Shop f\u00fcr entheogene Pflanzen. Hier sind psychoaktive Pflanzen aus schamanischen Kulturen zu erwerben\" \/>\n<meta property=\"og:url\" content=\"https:\/\/malinalli.de\/en\/shop\/\" \/>\n<meta property=\"og:site_name\" content=\"Malinalli\" \/>\n<meta property=\"article:publisher\" content=\"https:\/\/www.facebook.com\/malinalli.plantspirit\/\" \/>\n<meta property=\"article:modified_time\" content=\"2023-07-15T09:48:50+00:00\" \/>\n<meta property=\"og:image\" content=\"https:\/\/malinalli.de\/wp-content\/uploads\/cropped-index.png\" \/>\n\t<meta property=\"og:image:width\" content=\"512\" \/>\n\t<meta property=\"og:image:height\" content=\"512\" \/>\n\t<meta property=\"og:image:type\" content=\"image\/png\" \/>\n<meta name=\"twitter:card\" content=\"summary_large_image\" \/>\n<script type=\"application\/ld+json\" class=\"yoast-schema-graph\">{\"@context\":\"https:\\\/\\\/schema.org\",\"@graph\":[{\"@type\":\"WebPage\",\"@id\":\"https:\\\/\\\/malinalli.de\\\/shop\\\/\",\"url\":\"https:\\\/\\\/malinalli.de\\\/shop\\\/\",\"name\":\"Shop - Malinalli\",\"isPartOf\":{\"@id\":\"https:\\\/\\\/malinalli.de\\\/#website\"},\"primaryImageOfPage\":{\"@id\":\"https:\\\/\\\/malinalli.de\\\/shop\\\/#primaryimage\"},\"image\":{\"@id\":\"https:\\\/\\\/malinalli.de\\\/shop\\\/#primaryimage\"},\"thumbnailUrl\":\"https:\\\/\\\/malinalli.de\\\/wp-content\\\/uploads\\\/cropped-index.png\",\"datePublished\":\"2020-09-20T08:47:04+00:00\",\"dateModified\":\"2023-07-15T09:48:50+00:00\",\"description\":\"Malinalli Shop f\u00fcr entheogene Pflanzen. Hier sind psychoaktive Pflanzen aus schamanischen Kulturen zu erwerben\",\"breadcrumb\":{\"@id\":\"https:\\\/\\\/malinalli.de\\\/shop\\\/#breadcrumb\"},\"inLanguage\":\"en-US\",\"potentialAction\":[{\"@type\":\"ReadAction\",\"target\":[\"https:\\\/\\\/malinalli.de\\\/shop\\\/\"]}]},{\"@type\":\"ImageObject\",\"inLanguage\":\"en-US\",\"@id\":\"https:\\\/\\\/malinalli.de\\\/shop\\\/#primaryimage\",\"url\":\"https:\\\/\\\/malinalli.de\\\/wp-content\\\/uploads\\\/cropped-index.png\",\"contentUrl\":\"https:\\\/\\\/malinalli.de\\\/wp-content\\\/uploads\\\/cropped-index.png\",\"width\":512,\"height\":512,\"caption\":\"Malinalli Entheobotanische Pflanzen Logo\"},{\"@type\":\"BreadcrumbList\",\"@id\":\"https:\\\/\\\/malinalli.de\\\/shop\\\/#breadcrumb\",\"itemListElement\":[{\"@type\":\"ListItem\",\"position\":1,\"name\":\"Startseite\",\"item\":\"https:\\\/\\\/malinalli.de\\\/\"},{\"@type\":\"ListItem\",\"position\":2,\"name\":\"Shop\"}]},{\"@type\":\"WebSite\",\"@id\":\"https:\\\/\\\/malinalli.de\\\/#website\",\"url\":\"https:\\\/\\\/malinalli.de\\\/\",\"name\":\"Malinalli\",\"description\":\"R\u00e4ucherwerk, Entheogene Pflanzen und Kultur\",\"publisher\":{\"@id\":\"https:\\\/\\\/malinalli.de\\\/#organization\"},\"potentialAction\":[{\"@type\":\"SearchAction\",\"target\":{\"@type\":\"EntryPoint\",\"urlTemplate\":\"https:\\\/\\\/malinalli.de\\\/?s={search_term_string}\"},\"query-input\":{\"@type\":\"PropertyValueSpecification\",\"valueRequired\":true,\"valueName\":\"search_term_string\"}}],\"inLanguage\":\"en-US\"},{\"@type\":\"Organization\",\"@id\":\"https:\\\/\\\/malinalli.de\\\/#organization\",\"name\":\"Malinalli\",\"url\":\"https:\\\/\\\/malinalli.de\\\/\",\"logo\":{\"@type\":\"ImageObject\",\"inLanguage\":\"en-US\",\"@id\":\"https:\\\/\\\/malinalli.de\\\/#\\\/schema\\\/logo\\\/image\\\/\",\"url\":\"https:\\\/\\\/malinalli.de\\\/wp-content\\\/uploads\\\/cropped-index.png\",\"contentUrl\":\"https:\\\/\\\/malinalli.de\\\/wp-content\\\/uploads\\\/cropped-index.png\",\"width\":512,\"height\":512,\"caption\":\"Malinalli\"},\"image\":{\"@id\":\"https:\\\/\\\/malinalli.de\\\/#\\\/schema\\\/logo\\\/image\\\/\"},\"sameAs\":[\"https:\\\/\\\/www.facebook.com\\\/malinalli.plantspirit\\\/\"]}]}<\/script>\n<!-- \/ Yoast SEO plugin. -->","yoast_head_json":{"title":"Shop - Malinalli","description":"Malinalli Shop f\u00fcr entheogene Pflanzen. Hier sind psychoaktive Pflanzen aus schamanischen Kulturen zu erwerben","robots":{"index":"index","follow":"follow","max-snippet":"max-snippet:-1","max-image-preview":"max-image-preview:large","max-video-preview":"max-video-preview:-1"},"canonical":"https:\/\/malinalli.de\/en\/shop\/","og_locale":"en_US","og_type":"article","og_title":"Shop - Malinalli","og_description":"Malinalli Shop f\u00fcr entheogene Pflanzen. Hier sind psychoaktive Pflanzen aus schamanischen Kulturen zu erwerben","og_url":"https:\/\/malinalli.de\/en\/shop\/","og_site_name":"Malinalli","article_publisher":"https:\/\/www.facebook.com\/malinalli.plantspirit\/","article_modified_time":"2023-07-15T09:48:50+00:00","og_image":[{"width":512,"height":512,"url":"https:\/\/malinalli.de\/wp-content\/uploads\/cropped-index.png","type":"image\/png"}],"twitter_card":"summary_large_image","schema":{"@context":"https:\/\/schema.org","@graph":[{"@type":"WebPage","@id":"https:\/\/malinalli.de\/shop\/","url":"https:\/\/malinalli.de\/shop\/","name":"Shop - Malinalli","isPartOf":{"@id":"https:\/\/malinalli.de\/#website"},"primaryImageOfPage":{"@id":"https:\/\/malinalli.de\/shop\/#primaryimage"},"image":{"@id":"https:\/\/malinalli.de\/shop\/#primaryimage"},"thumbnailUrl":"https:\/\/malinalli.de\/wp-content\/uploads\/cropped-index.png","datePublished":"2020-09-20T08:47:04+00:00","dateModified":"2023-07-15T09:48:50+00:00","description":"Malinalli Shop f\u00fcr entheogene Pflanzen. Hier sind psychoaktive Pflanzen aus schamanischen Kulturen zu erwerben","breadcrumb":{"@id":"https:\/\/malinalli.de\/shop\/#breadcrumb"},"inLanguage":"en-US","potentialAction":[{"@type":"ReadAction","target":["https:\/\/malinalli.de\/shop\/"]}]},{"@type":"ImageObject","inLanguage":"en-US","@id":"https:\/\/malinalli.de\/shop\/#primaryimage","url":"https:\/\/malinalli.de\/wp-content\/uploads\/cropped-index.png","contentUrl":"https:\/\/malinalli.de\/wp-content\/uploads\/cropped-index.png","width":512,"height":512,"caption":"Malinalli Entheobotanische Pflanzen Logo"},{"@type":"BreadcrumbList","@id":"https:\/\/malinalli.de\/shop\/#breadcrumb","itemListElement":[{"@type":"ListItem","position":1,"name":"Startseite","item":"https:\/\/malinalli.de\/"},{"@type":"ListItem","position":2,"name":"Shop"}]},{"@type":"WebSite","@id":"https:\/\/malinalli.de\/#website","url":"https:\/\/malinalli.de\/","name":"Malinalli","description":"R\u00e4ucherwerk, Entheogene Pflanzen und Kultur","publisher":{"@id":"https:\/\/malinalli.de\/#organization"},"potentialAction":[{"@type":"SearchAction","target":{"@type":"EntryPoint","urlTemplate":"https:\/\/malinalli.de\/?s={search_term_string}"},"query-input":{"@type":"PropertyValueSpecification","valueRequired":true,"valueName":"search_term_string"}}],"inLanguage":"en-US"},{"@type":"Organization","@id":"https:\/\/malinalli.de\/#organization","name":"Malinalli","url":"https:\/\/malinalli.de\/","logo":{"@type":"ImageObject","inLanguage":"en-US","@id":"https:\/\/malinalli.de\/#\/schema\/logo\/image\/","url":"https:\/\/malinalli.de\/wp-content\/uploads\/cropped-index.png","contentUrl":"https:\/\/malinalli.de\/wp-content\/uploads\/cropped-index.png","width":512,"height":512,"caption":"Malinalli"},"image":{"@id":"https:\/\/malinalli.de\/#\/schema\/logo\/image\/"},"sameAs":["https:\/\/www.facebook.com\/malinalli.plantspirit\/"]}]}},"_links":{"self":[{"href":"https:\/\/malinalli.de\/en\/wp-json\/wp\/v2\/pages\/17","targetHints":{"allow":["GET"]}}],"collection":[{"href":"https:\/\/malinalli.de\/en\/wp-json\/wp\/v2\/pages"}],"about":[{"href":"https:\/\/malinalli.de\/en\/wp-json\/wp\/v2\/types\/page"}],"author":[{"embeddable":true,"href":"https:\/\/malinalli.de\/en\/wp-json\/wp\/v2\/users\/1"}],"replies":[{"embeddable":true,"href":"https:\/\/malinalli.de\/en\/wp-json\/wp\/v2\/comments?post=17"}],"version-history":[{"count":0,"href":"https:\/\/malinalli.de\/en\/wp-json\/wp\/v2\/pages\/17\/revisions"}],"wp:featuredmedia":[{"embeddable":true,"href":"https:\/\/malinalli.de\/en\/wp-json\/wp\/v2\/media\/12"}],"wp:attachment":[{"href":"https:\/\/malinalli.de\/en\/wp-json\/wp\/v2\/media?parent=17"}],"curies":[{"name":"wp","href":"https:\/\/api.w.org\/{rel}","templated":true}]}}