{"id":282,"date":"2021-01-28T08:18:30","date_gmt":"2021-01-28T08:18:30","guid":{"rendered":"https:\/\/malinalli.de\/?page_id=282"},"modified":"2023-02-14T12:39:16","modified_gmt":"2023-02-14T12:39:16","slug":"widerrufsbelehrung","status":"publish","type":"page","link":"https:\/\/malinalli.de\/en\/widerrufsbelehrung\/","title":{"rendered":"Revocation Provisions"},"content":{"rendered":"<h1><strong>Revocation Provisions<\/strong><\/h1> <p><strong>Right of withdrawal<\/strong> <p>You have the right to cancel this contract within fourteen days without giving any reason. The withdrawal period is fourteen days from the day on which you or a third party named by you, who is not the carrier, have taken possession of the last goods.<br> <\/p><p>To exercise your right of withdrawal, you must contact us (Malinalli GmbH, Weserstra\u00dfe 47, 12045 Berlin, <a href=\"mailto:info@malinalli.de\">info@malinalli.de<\/a>) by means of a clear declaration (e.g. a letter sent by mail, fax or e-mail) about your decision to revoke this contract. You can use the attached sample withdrawal form for this purpose, which is, however, not mandatory. <\/p><p>In order to comply with the withdrawal period, it is sufficient that you send the notification of the exercise of the right of withdrawal before the expiry of the withdrawal period.  <p><strong>Consequences of the revocation <\/strong> <p>If you revoke this contract, we shall reimburse you for all payments we have received from you, including delivery costs (with the exception of additional costs resulting from the fact that you have chosen a type of delivery other than the most favorable standard delivery offered by us), without undue delay and no later than within fourteen days from the day on which we received the notification of your revocation of this contract. For this repayment, we will use the same means of payment that you used for the original transaction, unless expressly agreed otherwise with you; in no case will you be charged any fees because of this repayment. We can refuse the repayment until we have received the goods back or until you have provided proof that you have returned the goods, whichever is the earlier.<br> <\/p> <p>You shall return the goods to us (Malinalli GmbH, Weserstra\u00dfe 47, 12045 Berlin, Germany) without undue delay and in any event no later than fourteen days from the day on which you notify us of the revocation of this contract, <a href=\"mailto:info@malinalli.de\">info@malinalli.de<\/a>) to return or hand over. The deadline is met if you send the goods before the expiry of the period of fourteen days.  You shall bear the direct costs of returning the goods. You must pay for any loss in value of the goods only if this loss in value is due to handling of the goods that is not necessary for testing the condition, properties and functioning of the goods. <\/p><table border=\"1\" cellpadding=\"1\" cellspacing=\"1\" style=\"width:100%\"> <tbody> <tr> <td> <p><strong>Sample cancellation form<\/strong><\/p> <p><em>(If you want to cancel the contract, please fill out and return this form.)<\/em><\/p> <p>\u2013 To Malinalli GmbH, Weserstra\u00dfe 47, 12045 Berlin, <a href=\"mailto:info@malinalli.de\">info@malinalli.de<\/a><\/p> <p>- I\/we (*) hereby revoke the contract concluded by me\/us (*) for the purchase of the following<br \/> Goods (*)\/the provision of the following service (*)<\/p> <p>- Ordered on (*)\/received on (*)<\/p> <p>- Name of the consumer(s)<\/p> <p>- Address of the consumer(s)<\/p> <p>- Signature of the consumer(s) (only in case of notification on paper)<\/p> <p>- Date<br \/> <br \/> <em>(*) Delete as applicable.<\/em><\/p> <\/td> <\/tr> <\/tbody> <\/table>","protected":false},"excerpt":{"rendered":"<p>Widerrufsbelehrung Widerrufsrecht Sie haben das Recht, binnen vierzehn Tagen ohne Angabe von Gr&uuml;nden diesen Vertrag zu widerrufen. Die Widerrufsfrist betr&auml;gt vierzehn Tage ab dem Tag an dem Sie oder ein von Ihnen benannter Dritter, der nicht der Bef\u00f6rderer ist, die letzte Ware in Besitz genommen haben bzw. hat. Um Ihr Widerrufsrecht auszu&uuml;ben, m&uuml;ssen Sie uns [&#8230;]\n","protected":false},"author":1,"featured_media":0,"parent":0,"menu_order":0,"comment_status":"closed","ping_status":"closed","template":"","meta":{"footnotes":""},"class_list":["post-282","page","type-page","status-publish","hentry"],"yoast_head":"<!-- This site is optimized with the Yoast SEO plugin v27.3 - https:\/\/yoast.com\/product\/yoast-seo-wordpress\/ -->\n<title>Widerrufsbelehrung - Malinalli<\/title>\n<meta name=\"description\" content=\"Widerrufsbelehrung zu Eink\u00e4ufen im Malinalli Webshop f\u00fcr entheogene Pflanzen. Rechte und Folgen werden hier erkl\u00e4rt.\" \/>\n<meta name=\"robots\" content=\"index, follow, max-snippet:-1, max-image-preview:large, max-video-preview:-1\" \/>\n<link rel=\"canonical\" href=\"https:\/\/malinalli.de\/en\/widerrufsbelehrung\/\" \/>\n<meta property=\"og:locale\" content=\"en_US\" \/>\n<meta property=\"og:type\" content=\"article\" \/>\n<meta property=\"og:title\" content=\"Widerrufsbelehrung - Malinalli\" \/>\n<meta property=\"og:description\" content=\"Widerrufsbelehrung zu Eink\u00e4ufen im Malinalli Webshop f\u00fcr entheogene Pflanzen. Rechte und Folgen werden hier erkl\u00e4rt.\" \/>\n<meta property=\"og:url\" content=\"https:\/\/malinalli.de\/en\/widerrufsbelehrung\/\" \/>\n<meta property=\"og:site_name\" content=\"Malinalli\" \/>\n<meta property=\"article:publisher\" content=\"https:\/\/www.facebook.com\/malinalli.plantspirit\/\" \/>\n<meta property=\"article:modified_time\" content=\"2023-02-14T12:39:16+00:00\" \/>\n<meta name=\"twitter:card\" content=\"summary_large_image\" \/>\n<meta name=\"twitter:label1\" content=\"Est. reading time\" \/>\n\t<meta name=\"twitter:data1\" content=\"3 minutes\" \/>\n<script type=\"application\/ld+json\" class=\"yoast-schema-graph\">{\"@context\":\"https:\\\/\\\/schema.org\",\"@graph\":[{\"@type\":\"WebPage\",\"@id\":\"https:\\\/\\\/malinalli.de\\\/widerrufsbelehrung\\\/\",\"url\":\"https:\\\/\\\/malinalli.de\\\/widerrufsbelehrung\\\/\",\"name\":\"Widerrufsbelehrung - Malinalli\",\"isPartOf\":{\"@id\":\"https:\\\/\\\/malinalli.de\\\/#website\"},\"datePublished\":\"2021-01-28T08:18:30+00:00\",\"dateModified\":\"2023-02-14T12:39:16+00:00\",\"description\":\"Widerrufsbelehrung zu Eink\u00e4ufen im Malinalli Webshop f\u00fcr entheogene Pflanzen. Rechte und Folgen werden hier erkl\u00e4rt.\",\"breadcrumb\":{\"@id\":\"https:\\\/\\\/malinalli.de\\\/widerrufsbelehrung\\\/#breadcrumb\"},\"inLanguage\":\"en-US\",\"potentialAction\":[{\"@type\":\"ReadAction\",\"target\":[\"https:\\\/\\\/malinalli.de\\\/widerrufsbelehrung\\\/\"]}]},{\"@type\":\"BreadcrumbList\",\"@id\":\"https:\\\/\\\/malinalli.de\\\/widerrufsbelehrung\\\/#breadcrumb\",\"itemListElement\":[{\"@type\":\"ListItem\",\"position\":1,\"name\":\"Startseite\",\"item\":\"https:\\\/\\\/malinalli.de\\\/\"},{\"@type\":\"ListItem\",\"position\":2,\"name\":\"Widerrufsbelehrung\"}]},{\"@type\":\"WebSite\",\"@id\":\"https:\\\/\\\/malinalli.de\\\/#website\",\"url\":\"https:\\\/\\\/malinalli.de\\\/\",\"name\":\"Malinalli\",\"description\":\"R\u00e4ucherwerk, Entheogene Pflanzen und Kultur\",\"publisher\":{\"@id\":\"https:\\\/\\\/malinalli.de\\\/#organization\"},\"potentialAction\":[{\"@type\":\"SearchAction\",\"target\":{\"@type\":\"EntryPoint\",\"urlTemplate\":\"https:\\\/\\\/malinalli.de\\\/?s={search_term_string}\"},\"query-input\":{\"@type\":\"PropertyValueSpecification\",\"valueRequired\":true,\"valueName\":\"search_term_string\"}}],\"inLanguage\":\"en-US\"},{\"@type\":\"Organization\",\"@id\":\"https:\\\/\\\/malinalli.de\\\/#organization\",\"name\":\"Malinalli\",\"url\":\"https:\\\/\\\/malinalli.de\\\/\",\"logo\":{\"@type\":\"ImageObject\",\"inLanguage\":\"en-US\",\"@id\":\"https:\\\/\\\/malinalli.de\\\/#\\\/schema\\\/logo\\\/image\\\/\",\"url\":\"https:\\\/\\\/malinalli.de\\\/wp-content\\\/uploads\\\/cropped-index.png\",\"contentUrl\":\"https:\\\/\\\/malinalli.de\\\/wp-content\\\/uploads\\\/cropped-index.png\",\"width\":512,\"height\":512,\"caption\":\"Malinalli\"},\"image\":{\"@id\":\"https:\\\/\\\/malinalli.de\\\/#\\\/schema\\\/logo\\\/image\\\/\"},\"sameAs\":[\"https:\\\/\\\/www.facebook.com\\\/malinalli.plantspirit\\\/\"]}]}<\/script>\n<!-- \/ Yoast SEO plugin. -->","yoast_head_json":{"title":"Widerrufsbelehrung - Malinalli","description":"Widerrufsbelehrung zu Eink\u00e4ufen im Malinalli Webshop f\u00fcr entheogene Pflanzen. Rechte und Folgen werden hier erkl\u00e4rt.","robots":{"index":"index","follow":"follow","max-snippet":"max-snippet:-1","max-image-preview":"max-image-preview:large","max-video-preview":"max-video-preview:-1"},"canonical":"https:\/\/malinalli.de\/en\/widerrufsbelehrung\/","og_locale":"en_US","og_type":"article","og_title":"Widerrufsbelehrung - Malinalli","og_description":"Widerrufsbelehrung zu Eink\u00e4ufen im Malinalli Webshop f\u00fcr entheogene Pflanzen. Rechte und Folgen werden hier erkl\u00e4rt.","og_url":"https:\/\/malinalli.de\/en\/widerrufsbelehrung\/","og_site_name":"Malinalli","article_publisher":"https:\/\/www.facebook.com\/malinalli.plantspirit\/","article_modified_time":"2023-02-14T12:39:16+00:00","twitter_card":"summary_large_image","twitter_misc":{"Est. reading time":"3 minutes"},"schema":{"@context":"https:\/\/schema.org","@graph":[{"@type":"WebPage","@id":"https:\/\/malinalli.de\/widerrufsbelehrung\/","url":"https:\/\/malinalli.de\/widerrufsbelehrung\/","name":"Widerrufsbelehrung - Malinalli","isPartOf":{"@id":"https:\/\/malinalli.de\/#website"},"datePublished":"2021-01-28T08:18:30+00:00","dateModified":"2023-02-14T12:39:16+00:00","description":"Widerrufsbelehrung zu Eink\u00e4ufen im Malinalli Webshop f\u00fcr entheogene Pflanzen. Rechte und Folgen werden hier erkl\u00e4rt.","breadcrumb":{"@id":"https:\/\/malinalli.de\/widerrufsbelehrung\/#breadcrumb"},"inLanguage":"en-US","potentialAction":[{"@type":"ReadAction","target":["https:\/\/malinalli.de\/widerrufsbelehrung\/"]}]},{"@type":"BreadcrumbList","@id":"https:\/\/malinalli.de\/widerrufsbelehrung\/#breadcrumb","itemListElement":[{"@type":"ListItem","position":1,"name":"Startseite","item":"https:\/\/malinalli.de\/"},{"@type":"ListItem","position":2,"name":"Widerrufsbelehrung"}]},{"@type":"WebSite","@id":"https:\/\/malinalli.de\/#website","url":"https:\/\/malinalli.de\/","name":"Malinalli","description":"R\u00e4ucherwerk, Entheogene Pflanzen und Kultur","publisher":{"@id":"https:\/\/malinalli.de\/#organization"},"potentialAction":[{"@type":"SearchAction","target":{"@type":"EntryPoint","urlTemplate":"https:\/\/malinalli.de\/?s={search_term_string}"},"query-input":{"@type":"PropertyValueSpecification","valueRequired":true,"valueName":"search_term_string"}}],"inLanguage":"en-US"},{"@type":"Organization","@id":"https:\/\/malinalli.de\/#organization","name":"Malinalli","url":"https:\/\/malinalli.de\/","logo":{"@type":"ImageObject","inLanguage":"en-US","@id":"https:\/\/malinalli.de\/#\/schema\/logo\/image\/","url":"https:\/\/malinalli.de\/wp-content\/uploads\/cropped-index.png","contentUrl":"https:\/\/malinalli.de\/wp-content\/uploads\/cropped-index.png","width":512,"height":512,"caption":"Malinalli"},"image":{"@id":"https:\/\/malinalli.de\/#\/schema\/logo\/image\/"},"sameAs":["https:\/\/www.facebook.com\/malinalli.plantspirit\/"]}]}},"_links":{"self":[{"href":"https:\/\/malinalli.de\/en\/wp-json\/wp\/v2\/pages\/282","targetHints":{"allow":["GET"]}}],"collection":[{"href":"https:\/\/malinalli.de\/en\/wp-json\/wp\/v2\/pages"}],"about":[{"href":"https:\/\/malinalli.de\/en\/wp-json\/wp\/v2\/types\/page"}],"author":[{"embeddable":true,"href":"https:\/\/malinalli.de\/en\/wp-json\/wp\/v2\/users\/1"}],"replies":[{"embeddable":true,"href":"https:\/\/malinalli.de\/en\/wp-json\/wp\/v2\/comments?post=282"}],"version-history":[{"count":0,"href":"https:\/\/malinalli.de\/en\/wp-json\/wp\/v2\/pages\/282\/revisions"}],"wp:attachment":[{"href":"https:\/\/malinalli.de\/en\/wp-json\/wp\/v2\/media?parent=282"}],"curies":[{"name":"wp","href":"https:\/\/api.w.org\/{rel}","templated":true}]}}