{"id":3288,"date":"2023-07-25T21:14:12","date_gmt":"2023-07-25T21:14:12","guid":{"rendered":"https:\/\/malinalli.de\/?page_id=3288"},"modified":"2024-02-06T21:49:58","modified_gmt":"2024-02-06T21:49:58","slug":"blog","status":"publish","type":"page","link":"https:\/\/malinalli.de\/en\/blog\/","title":{"rendered":"Blog"},"content":{"rendered":"\n\n  <div class=\"banner has-hover\" id=\"banner-1876988802\">\n          <div class=\"banner-inner fill\">\n        <div class=\"banner-bg fill\" >\n            <img loading=\"lazy\" decoding=\"async\" width=\"1020\" height=\"680\" src=\"https:\/\/malinalli.de\/wp-content\/uploads\/pexels-elijah-akala-2291427-1024x683.jpg\" class=\"bg attachment-large size-large\" alt=\"An image of a small river going through the jungle\" \/>                                    \n                    <\/div>\n\t\t\n        <div class=\"banner-layers container\">\n            <div class=\"fill banner-link\"><\/div>            \n\n   <div id=\"text-box-821769307\" class=\"text-box banner-layer x50 md-x50 lg-x50 y50 md-y50 lg-y50 res-text\">\n                                <div class=\"text-box-content text dark\">\n              \n              <div class=\"text-inner text-center\">\n                  \n\n<h1>Malinalli Blog<strong><br><\/strong><\/h1>\n<p>Tauche ein in die faszinierende Welt der entheogenen Pflanzen! Lerne \u00fcber die Heilkr\u00e4fte der Entheogene, schamanische Rituale, erweitere dein Bewusstsein und deine Kreativit\u00e4t<\/p>\n\n              <\/div>\n           <\/div>\n                            \n<style>\n#text-box-821769307 {\n  width: 60%;\n}\n#text-box-821769307 .text-box-content {\n  font-size: 100%;\n}\n<\/style>\n    <\/div>\n \n\n        <\/div>\n      <\/div>\n\n            \n<style>\n#banner-1876988802 {\n  padding-top: 500px;\n}\n#banner-1876988802 .banner-bg img {\n  object-position: 2% 0%;\n}\n<\/style>\n  <\/div>\n\n\n\t<div id=\"gap-2011513934\" class=\"gap-element clearfix\" style=\"display:block; height:auto;\">\n\t\t\n<style>\n#gap-2011513934 {\n  padding-top: 30px;\n}\n<\/style>\n\t<\/div>\n\t\n\n\n  \n    <div class=\"row large-columns-1 medium-columns-1 small-columns-1\" >\n  <div class=\"col post-item\" >\n\t\t\t<div class=\"col-inner\">\n\t\t\t\t<div class=\"box box-shade dark box-text-bottom box-blog-post has-hover\">\n            \t\t\t\t\t<div class=\"box-image\" >\n  \t\t\t\t\t\t<div class=\"image-cover\" style=\"padding-top:56.25%;\">\n\t\t\t\t\t\t\t<a href=\"https:\/\/malinalli.de\/en\/exploration-of-spiritual-peganum-harmala\/\" class=\"plain\" aria-label=\"Erkundung der spirituellen Eigenschaften von Peganum Harmala\">\n\t\t\t\t\t\t\t\t<img loading=\"lazy\" decoding=\"async\" width=\"1366\" height=\"2048\" src=\"https:\/\/malinalli.de\/wp-content\/uploads\/andriy-tod-3TC586O9Q0U-unsplash-scaled.jpg\" class=\"attachment-2048x2048 size-2048x2048 wp-post-image\" alt=\"\" srcset=\"https:\/\/malinalli.de\/wp-content\/uploads\/andriy-tod-3TC586O9Q0U-unsplash-scaled.jpg 1707w, https:\/\/malinalli.de\/wp-content\/uploads\/andriy-tod-3TC586O9Q0U-unsplash-scaled-600x900.jpg 600w\" sizes=\"auto, (max-width: 1366px) 100vw, 1366px\" \/>\t\t\t\t\t\t\t<\/a>\n  \t\t\t\t\t\t\t  \t\t\t\t\t\t\t<div class=\"shade\"><\/div>  \t\t\t\t\t\t<\/div>\n  \t\t\t\t\t\t  \t\t\t\t\t<\/div>\n          \t\t\t\t\t<div class=\"box-text text-left\" style=\"background-color:rgb(129, 129, 129);\">\n\t\t\t\t\t<div class=\"box-text-inner blog-post-inner\">\n\n\t\t\t\t\t\n\t\t\t\t\t\t\t\t\t\t<h5 class=\"post-title is-xlarge \">\n\t\t\t\t\t\t<a href=\"https:\/\/malinalli.de\/en\/exploration-of-spiritual-peganum-harmala\/\" class=\"plain\">Erkundung der spirituellen Eigenschaften von Peganum Harmala<\/a>\n\t\t\t\t\t<\/h5>\n\t\t\t\t\t\t\t\t\t\t<div class=\"is-divider\"><\/div>\n\t\t\t\t\t\t\t\t\t\t<p class=\"from_the_blog_excerpt \">\n\t\t\t\t\t\t\t\t\t\t\t<\/p>\n\t\t\t\t\t                    \n\t\t\t\t\t\t\t\t\t\t\t<a href=\"https:\/\/malinalli.de\/en\/exploration-of-spiritual-peganum-harmala\/\" class=\"button  is-outline is-small mb-0\">\n\t\t\t\t\t\t\tWeiterlesen\t\t\t\t\t\t<\/a>\n\t\t\t\t\t\n\t\t\t\t\t\n\t\t\t\t\t<\/div>\n\t\t\t\t\t<\/div>\n\t\t\t\t\t\t\t\t\t\t\t\t\t\t\t\t<div class=\"badge absolute top post-date badge-outline\">\n\t\t\t\t\t\t\t<div class=\"badge-inner\">\n\t\t\t\t\t\t\t\t<span class=\"post-date-day\">21<\/span><br>\n\t\t\t\t\t\t\t\t<span class=\"post-date-month is-xsmall\">Aug<\/span>\n\t\t\t\t\t\t\t<\/div>\n\t\t\t\t\t\t<\/div>\n\t\t\t\t\t\t\t\t\t<\/div>\n\t\t\t<\/div>\n\t\t<\/div><\/div>\n\n\n  \n    <div class=\"row large-columns-3 medium-columns-1 small-columns-1 slider row-slider slider-nav-reveal slider-nav-push\"  data-flickity-options='{&quot;imagesLoaded&quot;: true, &quot;groupCells&quot;: &quot;100%&quot;, &quot;dragThreshold&quot; : 5, &quot;cellAlign&quot;: &quot;left&quot;,&quot;wrapAround&quot;: true,&quot;prevNextButtons&quot;: true,&quot;percentPosition&quot;: true,&quot;pageDots&quot;: false, &quot;rightToLeft&quot;: false, &quot;autoPlay&quot; : false}' >\n\n  <div class=\"col post-item\" >\n\t\t\t<div class=\"col-inner\">\n\t\t\t\t<div class=\"box box-bounce box-text-bottom box-blog-post has-hover\">\n            \t\t\t\t\t<div class=\"box-image\" >\n  \t\t\t\t\t\t<div class=\"image-cover\" style=\"padding-top:56.25%;\">\n\t\t\t\t\t\t\t<a href=\"https:\/\/malinalli.de\/en\/luzides-traeumen-lernen-erlebe-wilde-abenteuer-in-deiner-traumwelt-mit-calea\/\" class=\"plain\" aria-label=\"Luzides Tr\u00e4umen lernen: Erlebe wilde Abenteuer in deiner Traumwelt mit Calea\">\n\t\t\t\t\t\t\t\t<img loading=\"lazy\" decoding=\"async\" width=\"300\" height=\"177\" src=\"https:\/\/malinalli.de\/wp-content\/uploads\/bed_in_clouds-300x177.webp\" class=\"attachment-medium size-medium wp-post-image\" alt=\"A picture of a pink bed on a white pyramid of matresses in the clouds\" srcset=\"https:\/\/malinalli.de\/wp-content\/uploads\/bed_in_clouds-300x177.webp 300w, https:\/\/malinalli.de\/wp-content\/uploads\/bed_in_clouds-1024x603.webp 1024w, https:\/\/malinalli.de\/wp-content\/uploads\/bed_in_clouds-768x452.webp 768w, https:\/\/malinalli.de\/wp-content\/uploads\/bed_in_clouds-1536x905.webp 1536w, https:\/\/malinalli.de\/wp-content\/uploads\/bed_in_clouds-2048x1206.webp 2048w, https:\/\/malinalli.de\/wp-content\/uploads\/bed_in_clouds-18x12.webp 18w, https:\/\/malinalli.de\/wp-content\/uploads\/bed_in_clouds-600x353.webp 600w\" sizes=\"auto, (max-width: 300px) 100vw, 300px\" \/>\t\t\t\t\t\t\t<\/a>\n  \t\t\t\t\t\t\t  \t\t\t\t\t\t\t  \t\t\t\t\t\t<\/div>\n  \t\t\t\t\t\t  \t\t\t\t\t<\/div>\n          \t\t\t\t\t<div class=\"box-text text-center\" >\n\t\t\t\t\t<div class=\"box-text-inner blog-post-inner\">\n\n\t\t\t\t\t\n\t\t\t\t\t\t\t\t\t\t<h5 class=\"post-title is-large \">\n\t\t\t\t\t\t<a href=\"https:\/\/malinalli.de\/en\/luzides-traeumen-lernen-erlebe-wilde-abenteuer-in-deiner-traumwelt-mit-calea\/\" class=\"plain\">Luzides Tr\u00e4umen lernen: Erlebe wilde Abenteuer in deiner Traumwelt mit Calea<\/a>\n\t\t\t\t\t<\/h5>\n\t\t\t\t\t\t\t\t\t\t<div class=\"is-divider\"><\/div>\n\t\t\t\t\t\t\t\t\t\t<p class=\"from_the_blog_excerpt \">\n\t\t\t\t\t\tLuzide Tr\u00e4ume sind faszinierend. Sie erm\u00f6glichen uns, Tr\u00e4ume bewusst zu steuern und zu beeinflussen. Das [...]\t\t\t\t\t<\/p>\n\t\t\t\t\t                                            <p class=\"from_the_blog_comments uppercase is-xsmall\">\n                            2 Comments                        <\/p>\n                    \n\t\t\t\t\t\n\t\t\t\t\t\n\t\t\t\t\t<\/div>\n\t\t\t\t\t<\/div>\n\t\t\t\t\t\t\t\t\t\t\t\t\t\t\t\t<div class=\"badge absolute top post-date badge-outline\">\n\t\t\t\t\t\t\t<div class=\"badge-inner\">\n\t\t\t\t\t\t\t\t<span class=\"post-date-day\">14<\/span><br>\n\t\t\t\t\t\t\t\t<span class=\"post-date-month is-xsmall\">Feb<\/span>\n\t\t\t\t\t\t\t<\/div>\n\t\t\t\t\t\t<\/div>\n\t\t\t\t\t\t\t\t\t<\/div>\n\t\t\t<\/div>\n\t\t<\/div><\/div>\n","protected":false},"excerpt":{"rendered":"","protected":false},"author":1,"featured_media":0,"parent":0,"menu_order":0,"comment_status":"closed","ping_status":"closed","template":"page-blank.php","meta":{"footnotes":""},"class_list":["post-3288","page","type-page","status-publish","hentry"],"yoast_head":"<!-- This site is optimized with the Yoast SEO plugin v27.3 - https:\/\/yoast.com\/product\/yoast-seo-wordpress\/ -->\n<title>Blog - Malinalli<\/title>\n<meta name=\"description\" content=\"Tauche ein in die faszinierende Welt der entheogenen Pflanzen! Lerne \u00fcber die Heilkr\u00e4fte der Entheogene, schamanische Rituale, erweitere dein Bewusstsein und deine Kreativit\u00e4t\" \/>\n<meta name=\"robots\" content=\"index, follow, max-snippet:-1, max-image-preview:large, max-video-preview:-1\" \/>\n<link rel=\"canonical\" href=\"https:\/\/malinalli.de\/en\/blog\/\" \/>\n<meta property=\"og:locale\" content=\"en_US\" \/>\n<meta property=\"og:type\" content=\"article\" \/>\n<meta property=\"og:title\" content=\"Blog - Malinalli\" \/>\n<meta property=\"og:description\" content=\"Tauche ein in die faszinierende Welt der entheogenen Pflanzen! Lerne \u00fcber die Heilkr\u00e4fte der Entheogene, schamanische Rituale, erweitere dein Bewusstsein und deine Kreativit\u00e4t\" \/>\n<meta property=\"og:url\" content=\"https:\/\/malinalli.de\/en\/blog\/\" \/>\n<meta property=\"og:site_name\" content=\"Malinalli\" \/>\n<meta property=\"article:publisher\" content=\"https:\/\/www.facebook.com\/malinalli.plantspirit\/\" \/>\n<meta property=\"article:modified_time\" content=\"2024-02-06T21:49:58+00:00\" \/>\n<meta name=\"twitter:card\" content=\"summary_large_image\" \/>\n<script type=\"application\/ld+json\" class=\"yoast-schema-graph\">{\"@context\":\"https:\\\/\\\/schema.org\",\"@graph\":[{\"@type\":\"WebPage\",\"@id\":\"https:\\\/\\\/malinalli.de\\\/blog\\\/\",\"url\":\"https:\\\/\\\/malinalli.de\\\/blog\\\/\",\"name\":\"Blog - Malinalli\",\"isPartOf\":{\"@id\":\"https:\\\/\\\/malinalli.de\\\/#website\"},\"datePublished\":\"2023-07-25T21:14:12+00:00\",\"dateModified\":\"2024-02-06T21:49:58+00:00\",\"description\":\"Tauche ein in die faszinierende Welt der entheogenen Pflanzen! Lerne \u00fcber die Heilkr\u00e4fte der Entheogene, schamanische Rituale, erweitere dein Bewusstsein und deine Kreativit\u00e4t\",\"breadcrumb\":{\"@id\":\"https:\\\/\\\/malinalli.de\\\/blog\\\/#breadcrumb\"},\"inLanguage\":\"en-US\",\"potentialAction\":[{\"@type\":\"ReadAction\",\"target\":[\"https:\\\/\\\/malinalli.de\\\/blog\\\/\"]}]},{\"@type\":\"BreadcrumbList\",\"@id\":\"https:\\\/\\\/malinalli.de\\\/blog\\\/#breadcrumb\",\"itemListElement\":[{\"@type\":\"ListItem\",\"position\":1,\"name\":\"Startseite\",\"item\":\"https:\\\/\\\/malinalli.de\\\/\"},{\"@type\":\"ListItem\",\"position\":2,\"name\":\"Blog\"}]},{\"@type\":\"WebSite\",\"@id\":\"https:\\\/\\\/malinalli.de\\\/#website\",\"url\":\"https:\\\/\\\/malinalli.de\\\/\",\"name\":\"Malinalli\",\"description\":\"R\u00e4ucherwerk, Entheogene Pflanzen und Kultur\",\"publisher\":{\"@id\":\"https:\\\/\\\/malinalli.de\\\/#organization\"},\"potentialAction\":[{\"@type\":\"SearchAction\",\"target\":{\"@type\":\"EntryPoint\",\"urlTemplate\":\"https:\\\/\\\/malinalli.de\\\/?s={search_term_string}\"},\"query-input\":{\"@type\":\"PropertyValueSpecification\",\"valueRequired\":true,\"valueName\":\"search_term_string\"}}],\"inLanguage\":\"en-US\"},{\"@type\":\"Organization\",\"@id\":\"https:\\\/\\\/malinalli.de\\\/#organization\",\"name\":\"Malinalli\",\"url\":\"https:\\\/\\\/malinalli.de\\\/\",\"logo\":{\"@type\":\"ImageObject\",\"inLanguage\":\"en-US\",\"@id\":\"https:\\\/\\\/malinalli.de\\\/#\\\/schema\\\/logo\\\/image\\\/\",\"url\":\"https:\\\/\\\/malinalli.de\\\/wp-content\\\/uploads\\\/cropped-index.png\",\"contentUrl\":\"https:\\\/\\\/malinalli.de\\\/wp-content\\\/uploads\\\/cropped-index.png\",\"width\":512,\"height\":512,\"caption\":\"Malinalli\"},\"image\":{\"@id\":\"https:\\\/\\\/malinalli.de\\\/#\\\/schema\\\/logo\\\/image\\\/\"},\"sameAs\":[\"https:\\\/\\\/www.facebook.com\\\/malinalli.plantspirit\\\/\"]}]}<\/script>\n<!-- \/ Yoast SEO plugin. -->","yoast_head_json":{"title":"Blog - Malinalli","description":"Immerse yourself in the fascinating world of entheogenic plants! Learn more about the healing powers of entheogens, shamanic rituals, expand your consciousness and creativity.","robots":{"index":"index","follow":"follow","max-snippet":"max-snippet:-1","max-image-preview":"max-image-preview:large","max-video-preview":"max-video-preview:-1"},"canonical":"https:\/\/malinalli.de\/en\/blog\/","og_locale":"en_US","og_type":"article","og_title":"Blog - Malinalli","og_description":"Tauche ein in die faszinierende Welt der entheogenen Pflanzen! Lerne \u00fcber die Heilkr\u00e4fte der Entheogene, schamanische Rituale, erweitere dein Bewusstsein und deine Kreativit\u00e4t","og_url":"https:\/\/malinalli.de\/en\/blog\/","og_site_name":"Malinalli","article_publisher":"https:\/\/www.facebook.com\/malinalli.plantspirit\/","article_modified_time":"2024-02-06T21:49:58+00:00","twitter_card":"summary_large_image","schema":{"@context":"https:\/\/schema.org","@graph":[{"@type":"WebPage","@id":"https:\/\/malinalli.de\/blog\/","url":"https:\/\/malinalli.de\/blog\/","name":"Blog - Malinalli","isPartOf":{"@id":"https:\/\/malinalli.de\/#website"},"datePublished":"2023-07-25T21:14:12+00:00","dateModified":"2024-02-06T21:49:58+00:00","description":"Immerse yourself in the fascinating world of entheogenic plants! Learn more about the healing powers of entheogens, shamanic rituals, expand your consciousness and creativity.","breadcrumb":{"@id":"https:\/\/malinalli.de\/blog\/#breadcrumb"},"inLanguage":"en-US","potentialAction":[{"@type":"ReadAction","target":["https:\/\/malinalli.de\/blog\/"]}]},{"@type":"BreadcrumbList","@id":"https:\/\/malinalli.de\/blog\/#breadcrumb","itemListElement":[{"@type":"ListItem","position":1,"name":"Startseite","item":"https:\/\/malinalli.de\/"},{"@type":"ListItem","position":2,"name":"Blog"}]},{"@type":"WebSite","@id":"https:\/\/malinalli.de\/#website","url":"https:\/\/malinalli.de\/","name":"Malinalli","description":"R\u00e4ucherwerk, Entheogene Pflanzen und Kultur","publisher":{"@id":"https:\/\/malinalli.de\/#organization"},"potentialAction":[{"@type":"SearchAction","target":{"@type":"EntryPoint","urlTemplate":"https:\/\/malinalli.de\/?s={search_term_string}"},"query-input":{"@type":"PropertyValueSpecification","valueRequired":true,"valueName":"search_term_string"}}],"inLanguage":"en-US"},{"@type":"Organization","@id":"https:\/\/malinalli.de\/#organization","name":"Malinalli","url":"https:\/\/malinalli.de\/","logo":{"@type":"ImageObject","inLanguage":"en-US","@id":"https:\/\/malinalli.de\/#\/schema\/logo\/image\/","url":"https:\/\/malinalli.de\/wp-content\/uploads\/cropped-index.png","contentUrl":"https:\/\/malinalli.de\/wp-content\/uploads\/cropped-index.png","width":512,"height":512,"caption":"Malinalli"},"image":{"@id":"https:\/\/malinalli.de\/#\/schema\/logo\/image\/"},"sameAs":["https:\/\/www.facebook.com\/malinalli.plantspirit\/"]}]}},"_links":{"self":[{"href":"https:\/\/malinalli.de\/en\/wp-json\/wp\/v2\/pages\/3288","targetHints":{"allow":["GET"]}}],"collection":[{"href":"https:\/\/malinalli.de\/en\/wp-json\/wp\/v2\/pages"}],"about":[{"href":"https:\/\/malinalli.de\/en\/wp-json\/wp\/v2\/types\/page"}],"author":[{"embeddable":true,"href":"https:\/\/malinalli.de\/en\/wp-json\/wp\/v2\/users\/1"}],"replies":[{"embeddable":true,"href":"https:\/\/malinalli.de\/en\/wp-json\/wp\/v2\/comments?post=3288"}],"version-history":[{"count":1,"href":"https:\/\/malinalli.de\/en\/wp-json\/wp\/v2\/pages\/3288\/revisions"}],"predecessor-version":[{"id":3468,"href":"https:\/\/malinalli.de\/en\/wp-json\/wp\/v2\/pages\/3288\/revisions\/3468"}],"wp:attachment":[{"href":"https:\/\/malinalli.de\/en\/wp-json\/wp\/v2\/media?parent=3288"}],"curies":[{"name":"wp","href":"https:\/\/api.w.org\/{rel}","templated":true}]}}