{"id":872,"date":"2022-03-21T18:24:59","date_gmt":"2022-03-21T18:24:59","guid":{"rendered":"https:\/\/malinalli.de\/?page_id=872"},"modified":"2023-02-14T12:57:09","modified_gmt":"2023-02-14T12:57:09","slug":"lieferung-und-zahlungsarten","status":"publish","type":"page","link":"https:\/\/malinalli.de\/en\/lieferung-und-zahlungsarten\/","title":{"rendered":"Delivery &amp; Payment"},"content":{"rendered":"<h1>Delivery &amp; Payment<\/h1>\n<br>\n<h2>Shipping terms<\/h2>\n<p>The delivery of the goods takes place worldwide according to legal regulations.<\/p>\n<h2>Shipping cost<\/h2>\n<p>Including statutory VAT<\/p>\n<h3>Domestic deliveries (Germany)<\/h3>\n<p>For deliveries within Germany, we generally do not charge any shipping costs, unless otherwise agreed.<\/p>\n<h3>Deliveries to other EU countries<\/h3>\n<p>Shipping fee of 4.95\u20ac.\n<br>\nFree shipping from 50\u20ac minimum order value.<\/p>\n<h3>Deliveries abroad<\/h3>\n<p>Shipping fee of 9.95<br>\nFree shipping from 75\u20ac minimum order value\n<\/p>\n<h2>Delivery times<\/h2>\n<p>Unless otherwise stated in the respective offer, the goods will be shipped within 1 - 2 days in Germany (Germany), for foreign deliveries within 2 - 5 days after conclusion of the contract (in case of agreed prepayment after the date of your payment instruction).\nPlease note that there is no delivery on Sundays and public holidays.\nIf you have ordered items with different delivery times, we will send the goods in one shipment, unless we have made other agreements with you. In this case, the delivery time is determined by the item with the longest delivery time that you ordered.<\/p>\n<h2>Accepted payment methods<\/h2>\n<ul>\n<li>Prepayment by bank transfer<\/li>\n<li>Credit card payment<\/li>\n<li>Payment by SEPA direct debit<\/li>\n<li>Payment by SOFORT bank transfer<\/li>\n<li>Payment by Paypal<\/li>\n<\/ul> \n<h3>More details about payment<\/h3>\n<p>If you pay by credit card, your credit card account will be debited upon conclusion of the contract.<\/p>\n<h3>Our bank details:<\/h3>\n<p>Malinalli GmbH<br>\nIBAN: DE03430609671287732800<br>\nCredit institution: GLS Bank<br>\nSWIFT\/BIC: GENODEM1GLS<br>\n<br>\nIf you have any questions, please contact us via the <a href=\"\/en\/kontakt\/\">contact form<\/a>\n<\/p>","protected":false},"excerpt":{"rendered":"<p>Lieferung und Zahlungsarten Versandbedingungen Die Lieferung der Ware erfolgt weltweit entsprechend gesetzlicher Bestimmungen. Versandkosten Inklusive gesetzlicher Mehrwertsteuer Lieferungen im Inland (Deutschland) F\u00fcr Lieferungen innerhalb Deutschlands berechnen wir, sofern nicht anders vereinbart, grunds\u00e4tzlich keinerlei Versandkosten. Lieferungen ins EU-Ausland Versandkostenpauschale von 4,95\u20ac. Ab 50\u20ac Mindestbestellwert kostenloser Versand. Lieferungen ins Ausland Versandkostenpauschale von 9,95\u20ac. Ab 75\u20ac Mindestbestellwert kostenloser [&#8230;]\n","protected":false},"author":1,"featured_media":0,"parent":0,"menu_order":0,"comment_status":"closed","ping_status":"closed","template":"","meta":{"footnotes":""},"class_list":["post-872","page","type-page","status-publish","hentry"],"yoast_head":"<!-- This site is optimized with the Yoast SEO plugin v27.3 - https:\/\/yoast.com\/product\/yoast-seo-wordpress\/ -->\n<title>Lieferung und Zahlungsarten - Malinalli<\/title>\n<meta name=\"description\" content=\"Lieferung und Zahlungsarten f\u00fcr den Malinalli Webshop f\u00fcr entheobotanische Pflanzen und Produkte. Wir bieten flexible Zahlungsm\u00f6glichkeiten.\" \/>\n<meta name=\"robots\" content=\"index, follow, max-snippet:-1, max-image-preview:large, max-video-preview:-1\" \/>\n<link rel=\"canonical\" href=\"https:\/\/malinalli.de\/en\/lieferung-und-zahlungsarten\/\" \/>\n<meta property=\"og:locale\" content=\"en_US\" \/>\n<meta property=\"og:type\" content=\"article\" \/>\n<meta property=\"og:title\" content=\"Lieferung und Zahlungsarten - Malinalli\" \/>\n<meta property=\"og:description\" content=\"Lieferung und Zahlungsarten f\u00fcr den Malinalli Webshop f\u00fcr entheobotanische Pflanzen und Produkte. Wir bieten flexible Zahlungsm\u00f6glichkeiten.\" \/>\n<meta property=\"og:url\" content=\"https:\/\/malinalli.de\/en\/lieferung-und-zahlungsarten\/\" \/>\n<meta property=\"og:site_name\" content=\"Malinalli\" \/>\n<meta property=\"article:publisher\" content=\"https:\/\/www.facebook.com\/malinalli.plantspirit\/\" \/>\n<meta property=\"article:modified_time\" content=\"2023-02-14T12:57:09+00:00\" \/>\n<meta name=\"twitter:card\" content=\"summary_large_image\" \/>\n<meta name=\"twitter:label1\" content=\"Est. reading time\" \/>\n\t<meta name=\"twitter:data1\" content=\"2 minutes\" \/>\n<script type=\"application\/ld+json\" class=\"yoast-schema-graph\">{\"@context\":\"https:\\\/\\\/schema.org\",\"@graph\":[{\"@type\":\"WebPage\",\"@id\":\"https:\\\/\\\/malinalli.de\\\/lieferung-und-zahlungsarten\\\/\",\"url\":\"https:\\\/\\\/malinalli.de\\\/lieferung-und-zahlungsarten\\\/\",\"name\":\"Lieferung und Zahlungsarten - Malinalli\",\"isPartOf\":{\"@id\":\"https:\\\/\\\/malinalli.de\\\/#website\"},\"datePublished\":\"2022-03-21T18:24:59+00:00\",\"dateModified\":\"2023-02-14T12:57:09+00:00\",\"description\":\"Lieferung und Zahlungsarten f\u00fcr den Malinalli Webshop f\u00fcr entheobotanische Pflanzen und Produkte. Wir bieten flexible Zahlungsm\u00f6glichkeiten.\",\"breadcrumb\":{\"@id\":\"https:\\\/\\\/malinalli.de\\\/lieferung-und-zahlungsarten\\\/#breadcrumb\"},\"inLanguage\":\"en-US\",\"potentialAction\":[{\"@type\":\"ReadAction\",\"target\":[\"https:\\\/\\\/malinalli.de\\\/lieferung-und-zahlungsarten\\\/\"]}]},{\"@type\":\"BreadcrumbList\",\"@id\":\"https:\\\/\\\/malinalli.de\\\/lieferung-und-zahlungsarten\\\/#breadcrumb\",\"itemListElement\":[{\"@type\":\"ListItem\",\"position\":1,\"name\":\"Startseite\",\"item\":\"https:\\\/\\\/malinalli.de\\\/\"},{\"@type\":\"ListItem\",\"position\":2,\"name\":\"Lieferung und Zahlungsarten\"}]},{\"@type\":\"WebSite\",\"@id\":\"https:\\\/\\\/malinalli.de\\\/#website\",\"url\":\"https:\\\/\\\/malinalli.de\\\/\",\"name\":\"Malinalli\",\"description\":\"R\u00e4ucherwerk, Entheogene Pflanzen und Kultur\",\"publisher\":{\"@id\":\"https:\\\/\\\/malinalli.de\\\/#organization\"},\"potentialAction\":[{\"@type\":\"SearchAction\",\"target\":{\"@type\":\"EntryPoint\",\"urlTemplate\":\"https:\\\/\\\/malinalli.de\\\/?s={search_term_string}\"},\"query-input\":{\"@type\":\"PropertyValueSpecification\",\"valueRequired\":true,\"valueName\":\"search_term_string\"}}],\"inLanguage\":\"en-US\"},{\"@type\":\"Organization\",\"@id\":\"https:\\\/\\\/malinalli.de\\\/#organization\",\"name\":\"Malinalli\",\"url\":\"https:\\\/\\\/malinalli.de\\\/\",\"logo\":{\"@type\":\"ImageObject\",\"inLanguage\":\"en-US\",\"@id\":\"https:\\\/\\\/malinalli.de\\\/#\\\/schema\\\/logo\\\/image\\\/\",\"url\":\"https:\\\/\\\/malinalli.de\\\/wp-content\\\/uploads\\\/cropped-index.png\",\"contentUrl\":\"https:\\\/\\\/malinalli.de\\\/wp-content\\\/uploads\\\/cropped-index.png\",\"width\":512,\"height\":512,\"caption\":\"Malinalli\"},\"image\":{\"@id\":\"https:\\\/\\\/malinalli.de\\\/#\\\/schema\\\/logo\\\/image\\\/\"},\"sameAs\":[\"https:\\\/\\\/www.facebook.com\\\/malinalli.plantspirit\\\/\"]}]}<\/script>\n<!-- \/ Yoast SEO plugin. -->","yoast_head_json":{"title":"Lieferung und Zahlungsarten - Malinalli","description":"Lieferung und Zahlungsarten f\u00fcr den Malinalli Webshop f\u00fcr entheobotanische Pflanzen und Produkte. Wir bieten flexible Zahlungsm\u00f6glichkeiten.","robots":{"index":"index","follow":"follow","max-snippet":"max-snippet:-1","max-image-preview":"max-image-preview:large","max-video-preview":"max-video-preview:-1"},"canonical":"https:\/\/malinalli.de\/en\/lieferung-und-zahlungsarten\/","og_locale":"en_US","og_type":"article","og_title":"Lieferung und Zahlungsarten - Malinalli","og_description":"Lieferung und Zahlungsarten f\u00fcr den Malinalli Webshop f\u00fcr entheobotanische Pflanzen und Produkte. Wir bieten flexible Zahlungsm\u00f6glichkeiten.","og_url":"https:\/\/malinalli.de\/en\/lieferung-und-zahlungsarten\/","og_site_name":"Malinalli","article_publisher":"https:\/\/www.facebook.com\/malinalli.plantspirit\/","article_modified_time":"2023-02-14T12:57:09+00:00","twitter_card":"summary_large_image","twitter_misc":{"Est. reading time":"2 minutes"},"schema":{"@context":"https:\/\/schema.org","@graph":[{"@type":"WebPage","@id":"https:\/\/malinalli.de\/lieferung-und-zahlungsarten\/","url":"https:\/\/malinalli.de\/lieferung-und-zahlungsarten\/","name":"Lieferung und Zahlungsarten - Malinalli","isPartOf":{"@id":"https:\/\/malinalli.de\/#website"},"datePublished":"2022-03-21T18:24:59+00:00","dateModified":"2023-02-14T12:57:09+00:00","description":"Lieferung und Zahlungsarten f\u00fcr den Malinalli Webshop f\u00fcr entheobotanische Pflanzen und Produkte. Wir bieten flexible Zahlungsm\u00f6glichkeiten.","breadcrumb":{"@id":"https:\/\/malinalli.de\/lieferung-und-zahlungsarten\/#breadcrumb"},"inLanguage":"en-US","potentialAction":[{"@type":"ReadAction","target":["https:\/\/malinalli.de\/lieferung-und-zahlungsarten\/"]}]},{"@type":"BreadcrumbList","@id":"https:\/\/malinalli.de\/lieferung-und-zahlungsarten\/#breadcrumb","itemListElement":[{"@type":"ListItem","position":1,"name":"Startseite","item":"https:\/\/malinalli.de\/"},{"@type":"ListItem","position":2,"name":"Lieferung und Zahlungsarten"}]},{"@type":"WebSite","@id":"https:\/\/malinalli.de\/#website","url":"https:\/\/malinalli.de\/","name":"Malinalli","description":"R\u00e4ucherwerk, Entheogene Pflanzen und Kultur","publisher":{"@id":"https:\/\/malinalli.de\/#organization"},"potentialAction":[{"@type":"SearchAction","target":{"@type":"EntryPoint","urlTemplate":"https:\/\/malinalli.de\/?s={search_term_string}"},"query-input":{"@type":"PropertyValueSpecification","valueRequired":true,"valueName":"search_term_string"}}],"inLanguage":"en-US"},{"@type":"Organization","@id":"https:\/\/malinalli.de\/#organization","name":"Malinalli","url":"https:\/\/malinalli.de\/","logo":{"@type":"ImageObject","inLanguage":"en-US","@id":"https:\/\/malinalli.de\/#\/schema\/logo\/image\/","url":"https:\/\/malinalli.de\/wp-content\/uploads\/cropped-index.png","contentUrl":"https:\/\/malinalli.de\/wp-content\/uploads\/cropped-index.png","width":512,"height":512,"caption":"Malinalli"},"image":{"@id":"https:\/\/malinalli.de\/#\/schema\/logo\/image\/"},"sameAs":["https:\/\/www.facebook.com\/malinalli.plantspirit\/"]}]}},"_links":{"self":[{"href":"https:\/\/malinalli.de\/en\/wp-json\/wp\/v2\/pages\/872","targetHints":{"allow":["GET"]}}],"collection":[{"href":"https:\/\/malinalli.de\/en\/wp-json\/wp\/v2\/pages"}],"about":[{"href":"https:\/\/malinalli.de\/en\/wp-json\/wp\/v2\/types\/page"}],"author":[{"embeddable":true,"href":"https:\/\/malinalli.de\/en\/wp-json\/wp\/v2\/users\/1"}],"replies":[{"embeddable":true,"href":"https:\/\/malinalli.de\/en\/wp-json\/wp\/v2\/comments?post=872"}],"version-history":[{"count":0,"href":"https:\/\/malinalli.de\/en\/wp-json\/wp\/v2\/pages\/872\/revisions"}],"wp:attachment":[{"href":"https:\/\/malinalli.de\/en\/wp-json\/wp\/v2\/media?parent=872"}],"curies":[{"name":"wp","href":"https:\/\/api.w.org\/{rel}","templated":true}]}}